{"id":51,"date":"2023-01-06T19:15:44","date_gmt":"2023-01-06T22:15:44","guid":{"rendered":"https:\/\/vcarlino.com.ar\/?page_id=51"},"modified":"2023-01-06T19:15:44","modified_gmt":"2023-01-06T22:15:44","slug":"empresas","status":"publish","type":"page","link":"https:\/\/vcarlino.com.ar\/?page_id=51","title":{"rendered":"Empresas"},"content":{"rendered":"\n<p>En VC Seguros vas a encontrar experiencia, un trato directo y las mejores soluciones en seguros para tu empresa. Acced\u00e9 a la tranquilidad de estar asegurado con VC Seguros.<\/p>\n\n\n\n<p><strong>Coberturas seg\u00fan el tipo de empresa<\/strong><\/p>\n\n\n\n<h4 class=\"wp-block-heading\">GRANDES EMPRESAS<\/h4>\n\n\n\n<div class=\"wp-block-cover\"><span aria-hidden=\"true\" class=\"wp-block-cover__background has-background-dim\"><\/span><img loading=\"lazy\" decoding=\"async\" width=\"300\" height=\"300\" class=\"wp-block-cover__image-background wp-image-52\" alt=\"\" src=\"https:\/\/vcarlino.com.ar\/wp-content\/uploads\/2023\/01\/Untitled-design7.png\" data-object-fit=\"cover\" srcset=\"https:\/\/vcarlino.com.ar\/wp-content\/uploads\/2023\/01\/Untitled-design7.png 300w, https:\/\/vcarlino.com.ar\/wp-content\/uploads\/2023\/01\/Untitled-design7-150x150.png 150w\" sizes=\"auto, (max-width: 300px) 100vw, 300px\" \/><div class=\"wp-block-cover__inner-container is-layout-flow wp-block-cover-is-layout-flow\">\n<p class=\"has-text-align-center has-large-font-size\"><\/p>\n<\/div><\/div>\n\n\n\n<p>Protegemos la empresa con las mejores compa\u00f1\u00edas.<\/p>\n\n\n\n<h4 class=\"wp-block-heading\">PYMES<\/h4>\n\n\n\n<div class=\"wp-block-cover is-light\"><span aria-hidden=\"true\" class=\"wp-block-cover__background has-background-dim\"><\/span><img loading=\"lazy\" decoding=\"async\" width=\"300\" height=\"300\" class=\"wp-block-cover__image-background wp-image-53\" alt=\"\" src=\"https:\/\/vcarlino.com.ar\/wp-content\/uploads\/2023\/01\/Untitled-design8.png\" data-object-fit=\"cover\" srcset=\"https:\/\/vcarlino.com.ar\/wp-content\/uploads\/2023\/01\/Untitled-design8.png 300w, https:\/\/vcarlino.com.ar\/wp-content\/uploads\/2023\/01\/Untitled-design8-150x150.png 150w\" sizes=\"auto, (max-width: 300px) 100vw, 300px\" \/><div class=\"wp-block-cover__inner-container is-layout-flow wp-block-cover-is-layout-flow\">\n<p class=\"has-text-align-center has-large-font-size\"><\/p>\n\n\n\n<p><\/p>\n<\/div><\/div>\n\n\n\n<p>Acompa\u00f1amos tu crecimiento. Conoc\u00e9 la forma de minimizar riesgos y lograr los mejores resultados.<\/p>\n\n\n\n<p><a href=\"http:\/\/www.advanaseguros.com.ar\/contactos\/\">Consulta todas las coberturas<\/a><\/p>\n","protected":false},"excerpt":{"rendered":"<p>En VC Seguros vas a encontrar experiencia, un trato directo y las mejores soluciones en seguros para tu empresa. Acced\u00e9 a la tranquilidad de estar asegurado con VC Seguros. Coberturas seg\u00fan el tipo de empresa GRANDES EMPRESAS Protegemos la empresa con las mejores compa\u00f1\u00edas. PYMES Acompa\u00f1amos tu crecimiento. Conoc\u00e9 la forma de minimizar riesgos y [&hellip;]<\/p>\n","protected":false},"author":1,"featured_media":0,"parent":0,"menu_order":0,"comment_status":"closed","ping_status":"closed","template":"","meta":{"footnotes":""},"class_list":["post-51","page","type-page","status-publish","hentry"],"_links":{"self":[{"href":"https:\/\/vcarlino.com.ar\/index.php?rest_route=\/wp\/v2\/pages\/51","targetHints":{"allow":["GET"]}}],"collection":[{"href":"https:\/\/vcarlino.com.ar\/index.php?rest_route=\/wp\/v2\/pages"}],"about":[{"href":"https:\/\/vcarlino.com.ar\/index.php?rest_route=\/wp\/v2\/types\/page"}],"author":[{"embeddable":true,"href":"https:\/\/vcarlino.com.ar\/index.php?rest_route=\/wp\/v2\/users\/1"}],"replies":[{"embeddable":true,"href":"https:\/\/vcarlino.com.ar\/index.php?rest_route=%2Fwp%2Fv2%2Fcomments&post=51"}],"version-history":[{"count":1,"href":"https:\/\/vcarlino.com.ar\/index.php?rest_route=\/wp\/v2\/pages\/51\/revisions"}],"predecessor-version":[{"id":54,"href":"https:\/\/vcarlino.com.ar\/index.php?rest_route=\/wp\/v2\/pages\/51\/revisions\/54"}],"wp:attachment":[{"href":"https:\/\/vcarlino.com.ar\/index.php?rest_route=%2Fwp%2Fv2%2Fmedia&parent=51"}],"curies":[{"name":"wp","href":"https:\/\/api.w.org\/{rel}","templated":true}]}}